{"id":691,"date":"2023-11-24T16:58:07","date_gmt":"2023-11-24T16:58:07","guid":{"rendered":"https:\/\/ertektar.ro\/elerhetoseg\/"},"modified":"2023-12-29T07:58:38","modified_gmt":"2023-12-29T07:58:38","slug":"contact","status":"publish","type":"page","link":"https:\/\/ertektar.ro\/ro\/contact\/","title":{"rendered":"Contact"},"content":{"rendered":"\t\t<div data-elementor-type=\"wp-page\" data-elementor-id=\"691\" class=\"elementor elementor-691\">\n\t\t\t\t\t\t<section class=\"elementor-section elementor-top-section elementor-element elementor-element-6f645f0 elementor-section-boxed elementor-section-height-default elementor-section-height-default\" data-id=\"6f645f0\" data-element_type=\"section\" data-settings=\"{&quot;background_background&quot;:&quot;classic&quot;}\">\n\t\t\t\t\t\t<div class=\"elementor-container elementor-column-gap-wider\">\n\t\t\t\t\t<div class=\"elementor-column elementor-col-100 elementor-top-column elementor-element elementor-element-814021b\" data-id=\"814021b\" data-element_type=\"column\">\n\t\t\t<div class=\"elementor-widget-wrap elementor-element-populated\">\n\t\t\t\t\t\t<section class=\"elementor-section elementor-inner-section elementor-element elementor-element-8b39a3e elementor-section-boxed elementor-section-height-default elementor-section-height-default\" data-id=\"8b39a3e\" data-element_type=\"section\">\n\t\t\t\t\t\t<div class=\"elementor-container elementor-column-gap-default\">\n\t\t\t\t\t<div class=\"elementor-column elementor-col-100 elementor-inner-column elementor-element elementor-element-2abc14f\" data-id=\"2abc14f\" data-element_type=\"column\">\n\t\t\t<div class=\"elementor-widget-wrap elementor-element-populated\">\n\t\t\t\t\t\t<div class=\"elementor-element elementor-element-4011c96 elementor-widget elementor-widget-heading\" data-id=\"4011c96\" data-element_type=\"widget\" data-widget_type=\"heading.default\">\n\t\t\t\t<div class=\"elementor-widget-container\">\n\t\t\t\t\t<h3 class=\"elementor-heading-title elementor-size-default\">Asocia\u021bia pentru Valorile Maghiare din Banat <\/br>\n(B\u00e1ns\u00e1gi Magyar \u00c9rt\u00e9kek\u00e9rt Egyes\u00fclet)\n<\/h3>\t\t\t\t<\/div>\n\t\t\t\t<\/div>\n\t\t\t\t<div class=\"elementor-element elementor-element-b50dd17 elementor-widget elementor-widget-text-editor\" data-id=\"b50dd17\" data-element_type=\"widget\" data-widget_type=\"text-editor.default\">\n\t\t\t\t<div class=\"elementor-widget-container\">\n\t\t\t\t\t\t\t\t\t<p><strong>Adresa: <br \/><\/strong>300024 Timi\u015foara B-dul Revolu\u021biei 1989 nr. 8.<\/p><p><strong>Email:<br \/><\/strong> <span><a href=\"mailto:ertektaregyesulet@googlegroups.com\">ertektaregyesulet@googlegroups.com<\/a><\/span><\/p><p><span><strong>Telefon:<\/strong> <br \/>+40 727 441647<\/span><\/p>\t\t\t\t\t\t\t\t<\/div>\n\t\t\t\t<\/div>\n\t\t\t\t\t<\/div>\n\t\t<\/div>\n\t\t\t\t\t<\/div>\n\t\t<\/section>\n\t\t\t\t\t<\/div>\n\t\t<\/div>\n\t\t\t\t\t<\/div>\n\t\t<\/section>\n\t\t\t\t<\/div>\n\t\t","protected":false},"excerpt":{"rendered":"<p>Asocia\u021bia pentru Valorile Maghiare din Banat (B\u00e1ns\u00e1gi Magyar \u00c9rt\u00e9kek\u00e9rt Egyes\u00fclet) Adresa: 300024 Timi\u015foara B-dul Revolu\u021biei 1989 nr. 8. Email: ertektaregyesulet@googlegroups.com Telefon: +40 727 441647<\/p>\n","protected":false},"author":2,"featured_media":0,"parent":0,"menu_order":10,"comment_status":"open","ping_status":"closed","template":"elementor_header_footer","meta":{"_seopress_robots_primary_cat":"","_seopress_titles_title":"","_seopress_titles_desc":"","_seopress_robots_index":"","rs_blank_template":"","rs_page_bg_color":"","slide_template_v7":"","footnotes":""},"_links":{"self":[{"href":"https:\/\/ertektar.ro\/ro\/wp-json\/wp\/v2\/pages\/691"}],"collection":[{"href":"https:\/\/ertektar.ro\/ro\/wp-json\/wp\/v2\/pages"}],"about":[{"href":"https:\/\/ertektar.ro\/ro\/wp-json\/wp\/v2\/types\/page"}],"author":[{"embeddable":true,"href":"https:\/\/ertektar.ro\/ro\/wp-json\/wp\/v2\/users\/2"}],"replies":[{"embeddable":true,"href":"https:\/\/ertektar.ro\/ro\/wp-json\/wp\/v2\/comments?post=691"}],"version-history":[{"count":4,"href":"https:\/\/ertektar.ro\/ro\/wp-json\/wp\/v2\/pages\/691\/revisions"}],"predecessor-version":[{"id":695,"href":"https:\/\/ertektar.ro\/ro\/wp-json\/wp\/v2\/pages\/691\/revisions\/695"}],"wp:attachment":[{"href":"https:\/\/ertektar.ro\/ro\/wp-json\/wp\/v2\/media?parent=691"}],"curies":[{"name":"wp","href":"https:\/\/api.w.org\/{rel}","templated":true}]}}