{"id":641,"date":"2023-11-24T15:23:26","date_gmt":"2023-11-24T15:23:26","guid":{"rendered":"https:\/\/ertektar.ro\/home\/"},"modified":"2023-12-27T21:50:00","modified_gmt":"2023-12-27T21:50:00","slug":"asociatia-pentru-valorile-maghiare-din-banat","status":"publish","type":"page","link":"https:\/\/ertektar.ro\/ro\/","title":{"rendered":"Asocia\u021bia pentru Valorile Maghiare din Banat"},"content":{"rendered":"\t\t<div data-elementor-type=\"wp-page\" data-elementor-id=\"641\" class=\"elementor elementor-641 elementor-293\">\n\t\t\t\t\t\t<section class=\"elementor-section elementor-top-section elementor-element elementor-element-8ca9df4 elementor-hidden-desktop elementor-hidden-tablet elementor-hidden-mobile elementor-section-boxed elementor-section-height-default elementor-section-height-default\" data-id=\"8ca9df4\" data-element_type=\"section\" data-settings=\"{&quot;background_background&quot;:&quot;classic&quot;}\">\n\t\t\t\t\t\t<div class=\"elementor-container elementor-column-gap-wider\">\n\t\t\t\t\t<div class=\"elementor-column elementor-col-100 elementor-top-column elementor-element elementor-element-c45337d\" data-id=\"c45337d\" data-element_type=\"column\">\n\t\t\t<div class=\"elementor-widget-wrap elementor-element-populated\">\n\t\t\t\t\t\t<section class=\"elementor-section elementor-inner-section elementor-element elementor-element-0f6d83f elementor-section-boxed elementor-section-height-default elementor-section-height-default\" data-id=\"0f6d83f\" data-element_type=\"section\">\n\t\t\t\t\t\t<div class=\"elementor-container elementor-column-gap-default\">\n\t\t\t\t\t<div class=\"elementor-column elementor-col-33 elementor-inner-column elementor-element elementor-element-5439c3c\" data-id=\"5439c3c\" data-element_type=\"column\">\n\t\t\t<div class=\"elementor-widget-wrap elementor-element-populated\">\n\t\t\t\t\t\t<div class=\"elementor-element elementor-element-456ad3f elementor-hidden-desktop elementor-hidden-tablet elementor-hidden-mobile elementor-widget elementor-widget-image\" data-id=\"456ad3f\" data-element_type=\"widget\" data-widget_type=\"image.default\">\n\t\t\t\t<div class=\"elementor-widget-container\">\n\t\t\t\t\t\t\t\t\t\t\t\t\t\t\t<img fetchpriority=\"high\" decoding=\"async\" width=\"668\" height=\"742\" src=\"https:\/\/ertektar.ro\/wp-content\/uploads\/2023\/11\/Bolyai200-fej.jpg\" class=\"attachment-full size-full wp-image-464\" alt=\"bolyai200 fej\" srcset=\"https:\/\/ertektar.ro\/wp-content\/uploads\/2023\/11\/Bolyai200-fej.jpg 668w, https:\/\/ertektar.ro\/wp-content\/uploads\/2023\/11\/Bolyai200-fej-450x500.jpg 450w, https:\/\/ertektar.ro\/wp-content\/uploads\/2023\/11\/Bolyai200-fej-270x300.jpg 270w, https:\/\/ertektar.ro\/wp-content\/uploads\/2023\/11\/Bolyai200-fej-68x75.jpg 68w, https:\/\/ertektar.ro\/wp-content\/uploads\/2023\/11\/Bolyai200-fej-480x533.jpg 480w\" sizes=\"(max-width:767px) 480px, 668px\" \/>\t\t\t\t\t\t\t\t\t\t\t\t\t\t\t<\/div>\n\t\t\t\t<\/div>\n\t\t\t\t\t<\/div>\n\t\t<\/div>\n\t\t\t\t<div class=\"elementor-column elementor-col-66 elementor-inner-column elementor-element elementor-element-1f358b3\" data-id=\"1f358b3\" data-element_type=\"column\">\n\t\t\t<div class=\"elementor-widget-wrap elementor-element-populated\">\n\t\t\t\t\t\t<div class=\"elementor-element elementor-element-daaf5e6 elementor-widget elementor-widget-spacer\" data-id=\"daaf5e6\" data-element_type=\"widget\" data-widget_type=\"spacer.default\">\n\t\t\t\t<div class=\"elementor-widget-container\">\n\t\t\t\t\t\t\t<div class=\"elementor-spacer\">\n\t\t\t<div class=\"elementor-spacer-inner\"><\/div>\n\t\t<\/div>\n\t\t\t\t\t\t<\/div>\n\t\t\t\t<\/div>\n\t\t\t\t<div class=\"elementor-element elementor-element-508d395 elementor-widget elementor-widget-text-editor\" data-id=\"508d395\" data-element_type=\"widget\" data-widget_type=\"text-editor.default\">\n\t\t\t\t<div class=\"elementor-widget-container\">\n\t\t\t\t\t\t\t\t\t<h4>\u201eVigy\u00e1zzatok ma j\u00f3l, mikor besz\u00e9ltek,<br \/>\u00c9s \u00e1h\u00edtattal ejts\u00e9tek a sz\u00f3t,<br \/>A nyelv ma n\u00e9ktek v\u00e9gs\u0151 mened\u00e9ktek,<br \/>A nyelv ma t\u00fcnd\u00e9rv\u00e1r \u00e9s katakomba,<br \/>Vigy\u00e1zzatok ma j\u00f3l, mikor besz\u00e9ltek!<br \/>E dr\u00e1ga nyelvet porr\u00e1 ne t\u00f6rj\u00e9tek,<br \/>Ne ny\u00faljon hozz\u00e1 avatatlanul<br \/>Senki: ne szaggass\u00e1tok szirmait<br \/>A r\u00f3zsaf\u00e1nak, mely h\u00f3ban virul.<br \/>\u00dagy besz\u00e9ljen ma ki-ki magyarul,<br \/>Mintha im\u00e1dkozna,<br \/>Mintha aranyat, t\u00f6mj\u00e9nt, myrrh\u00e1t hozna!\u2026\u201d<\/h4><h4><em><span style=\"color: #a16026;\">Rem\u00e9nyik S\u00e1ndor: Az ige \u2013 r\u00e9szlet<\/span><\/em><\/h4>\t\t\t\t\t\t\t\t<\/div>\n\t\t\t\t<\/div>\n\t\t\t\t<div class=\"elementor-element elementor-element-aa96898 elementor-widget elementor-widget-spacer\" data-id=\"aa96898\" data-element_type=\"widget\" data-widget_type=\"spacer.default\">\n\t\t\t\t<div class=\"elementor-widget-container\">\n\t\t\t\t\t\t\t<div class=\"elementor-spacer\">\n\t\t\t<div class=\"elementor-spacer-inner\"><\/div>\n\t\t<\/div>\n\t\t\t\t\t\t<\/div>\n\t\t\t\t<\/div>\n\t\t\t\t\t<\/div>\n\t\t<\/div>\n\t\t\t\t\t<\/div>\n\t\t<\/section>\n\t\t\t\t\t<\/div>\n\t\t<\/div>\n\t\t\t\t\t<\/div>\n\t\t<\/section>\n\t\t\t\t<section class=\"elementor-section elementor-top-section elementor-element elementor-element-7efea46 elementor-section-boxed elementor-section-height-default elementor-section-height-default\" data-id=\"7efea46\" data-element_type=\"section\" data-settings=\"{&quot;background_background&quot;:&quot;classic&quot;}\">\n\t\t\t\t\t\t<div class=\"elementor-container elementor-column-gap-wider\">\n\t\t\t\t\t<div class=\"elementor-column elementor-col-100 elementor-top-column elementor-element elementor-element-916a84d\" data-id=\"916a84d\" data-element_type=\"column\">\n\t\t\t<div class=\"elementor-widget-wrap elementor-element-populated\">\n\t\t\t\t\t\t<section class=\"elementor-section elementor-inner-section elementor-element elementor-element-b5c9753 elementor-section-boxed elementor-section-height-default elementor-section-height-default\" data-id=\"b5c9753\" data-element_type=\"section\">\n\t\t\t\t\t\t<div class=\"elementor-container elementor-column-gap-default\">\n\t\t\t\t\t<div class=\"elementor-column elementor-col-100 elementor-inner-column elementor-element elementor-element-b9509a9\" data-id=\"b9509a9\" data-element_type=\"column\">\n\t\t\t<div class=\"elementor-widget-wrap elementor-element-populated\">\n\t\t\t\t\t\t<div class=\"elementor-element elementor-element-e3030fe elementor-widget elementor-widget-text-editor\" data-id=\"e3030fe\" data-element_type=\"widget\" data-widget_type=\"text-editor.default\">\n\t\t\t\t<div class=\"elementor-widget-container\">\n\t\t\t\t\t\t\t\t\t<h2>Proiecte<\/h2>\t\t\t\t\t\t\t\t<\/div>\n\t\t\t\t<\/div>\n\t\t\t\t<div class=\"elementor-element elementor-element-5e5f792 elementor-widget elementor-widget-spacer\" data-id=\"5e5f792\" data-element_type=\"widget\" data-widget_type=\"spacer.default\">\n\t\t\t\t<div class=\"elementor-widget-container\">\n\t\t\t\t\t\t\t<div class=\"elementor-spacer\">\n\t\t\t<div class=\"elementor-spacer-inner\"><\/div>\n\t\t<\/div>\n\t\t\t\t\t\t<\/div>\n\t\t\t\t<\/div>\n\t\t\t\t\t<\/div>\n\t\t<\/div>\n\t\t\t\t\t<\/div>\n\t\t<\/section>\n\t\t\t\t<section class=\"elementor-section elementor-inner-section elementor-element elementor-element-cc94c55 elementor-section-boxed elementor-section-height-default elementor-section-height-default\" data-id=\"cc94c55\" data-element_type=\"section\">\n\t\t\t\t\t\t<div class=\"elementor-container elementor-column-gap-default\">\n\t\t\t\t\t<div class=\"elementor-column elementor-col-100 elementor-inner-column elementor-element elementor-element-89486b7\" data-id=\"89486b7\" data-element_type=\"column\">\n\t\t\t<div class=\"elementor-widget-wrap\">\n\t\t\t\t\t\t\t<\/div>\n\t\t<\/div>\n\t\t\t\t\t<\/div>\n\t\t<\/section>\n\t\t\t\t\t<\/div>\n\t\t<\/div>\n\t\t\t\t\t<\/div>\n\t\t<\/section>\n\t\t\t\t<section class=\"elementor-section elementor-top-section elementor-element elementor-element-c25ca94 elementor-section-full_width elementor-section-height-default elementor-section-height-default\" data-id=\"c25ca94\" data-element_type=\"section\" data-settings=\"{&quot;background_background&quot;:&quot;classic&quot;}\">\n\t\t\t\t\t\t<div class=\"elementor-container elementor-column-gap-wider\">\n\t\t\t\t\t<div class=\"elementor-column elementor-col-100 elementor-top-column elementor-element elementor-element-14609cc\" data-id=\"14609cc\" data-element_type=\"column\">\n\t\t\t<div class=\"elementor-widget-wrap elementor-element-populated\">\n\t\t\t\t\t\t<section class=\"elementor-section elementor-inner-section elementor-element elementor-element-a97e9a9 elementor-section-boxed elementor-section-height-default elementor-section-height-default\" data-id=\"a97e9a9\" data-element_type=\"section\">\n\t\t\t\t\t\t<div class=\"elementor-container elementor-column-gap-default\">\n\t\t\t\t\t<div class=\"elementor-column elementor-col-100 elementor-inner-column elementor-element elementor-element-0221354\" data-id=\"0221354\" data-element_type=\"column\">\n\t\t\t<div class=\"elementor-widget-wrap elementor-element-populated\">\n\t\t\t\t\t\t<div class=\"elementor-element elementor-element-1019cdd elementor-widget elementor-widget-heading\" data-id=\"1019cdd\" data-element_type=\"widget\" data-widget_type=\"heading.default\">\n\t\t\t\t<div class=\"elementor-widget-container\">\n\t\t\t\t\t<h2 class=\"elementor-heading-title elementor-size-default\">Scopul asocia\u021biei<\/h2>\t\t\t\t<\/div>\n\t\t\t\t<\/div>\n\t\t\t\t<div class=\"elementor-element elementor-element-312e686 elementor-widget elementor-widget-text-editor\" data-id=\"312e686\" data-element_type=\"widget\" data-widget_type=\"text-editor.default\">\n\t\t\t\t<div class=\"elementor-widget-container\">\n\t\t\t\t\t\t\t\t\t<p><strong>Asocia\u021bia B\u00e1ns\u00e1gi Magyar \u00c9rt\u00e9kek\u00e9rt Egyes\u00fclet \u2013 Asocia\u021bia pentru Valorile Maghiare din Banat <\/strong>se constituie cu scopul de a identifica, a inventaria \u0219i a p\u0103stra acele valori culturale materiale \u0219i imateriale care sunt caracteristice comunit\u0103\u021bilor locale maghiare din Banat. \u00cen acest scop Asocia\u021bia va putea realiza cercet\u0103ri \u0219i conferin\u021be, va putea publica c\u0103r\u021bi \u0219i pliante, va putea organiza locuri de expunere, puncte muzeale de prezentare. Asocia\u021bia se poate asocia cu parteneri interni \u0219i externi cu scopul sus\u021binerii \u0219i populariz\u0103rii valorilor culturale ale diferitelor comunit\u0103\u021bi etnice din Banat, pentru promovarea dialogului intercultural, g\u0103sirea unor solu\u021bii pentru p\u0103strarea valorilor tuturor etniilor din zona Banatului.<\/p><h6><a href=\"https:\/\/ertektar.ro\/ro\/statut\/\" target=\"_blank\" rel=\"noopener\"><strong><span style=\"color: #a16026;\">Mai departe&#8230;<\/span><\/strong> <\/a><\/h6>\t\t\t\t\t\t\t\t<\/div>\n\t\t\t\t<\/div>\n\t\t\t\t\t<\/div>\n\t\t<\/div>\n\t\t\t\t\t<\/div>\n\t\t<\/section>\n\t\t\t\t\t<\/div>\n\t\t<\/div>\n\t\t\t\t\t<\/div>\n\t\t<\/section>\n\t\t\t\t<\/div>\n\t\t","protected":false},"excerpt":{"rendered":"<p>\u201eVigy\u00e1zzatok ma j\u00f3l, mikor besz\u00e9ltek,\u00c9s \u00e1h\u00edtattal ejts\u00e9tek a sz\u00f3t,A nyelv ma n\u00e9ktek v\u00e9gs\u0151 mened\u00e9ktek,A nyelv ma t\u00fcnd\u00e9rv\u00e1r \u00e9s katakomba,Vigy\u00e1zzatok ma j\u00f3l, mikor besz\u00e9ltek!E dr\u00e1ga nyelvet porr\u00e1<span class=\"excerpt-hellip\"> [\u2026]<\/span><\/p>\n","protected":false},"author":1,"featured_media":0,"parent":0,"menu_order":8,"comment_status":"open","ping_status":"closed","template":"elementor_header_footer","meta":{"_seopress_robots_primary_cat":"","_seopress_titles_title":"","_seopress_titles_desc":"","_seopress_robots_index":"","rs_blank_template":"","rs_page_bg_color":"","slide_template_v7":"","footnotes":""},"_links":{"self":[{"href":"https:\/\/ertektar.ro\/ro\/wp-json\/wp\/v2\/pages\/641"}],"collection":[{"href":"https:\/\/ertektar.ro\/ro\/wp-json\/wp\/v2\/pages"}],"about":[{"href":"https:\/\/ertektar.ro\/ro\/wp-json\/wp\/v2\/types\/page"}],"author":[{"embeddable":true,"href":"https:\/\/ertektar.ro\/ro\/wp-json\/wp\/v2\/users\/1"}],"replies":[{"embeddable":true,"href":"https:\/\/ertektar.ro\/ro\/wp-json\/wp\/v2\/comments?post=641"}],"version-history":[{"count":8,"href":"https:\/\/ertektar.ro\/ro\/wp-json\/wp\/v2\/pages\/641\/revisions"}],"predecessor-version":[{"id":684,"href":"https:\/\/ertektar.ro\/ro\/wp-json\/wp\/v2\/pages\/641\/revisions\/684"}],"wp:attachment":[{"href":"https:\/\/ertektar.ro\/ro\/wp-json\/wp\/v2\/media?parent=641"}],"curies":[{"name":"wp","href":"https:\/\/api.w.org\/{rel}","templated":true}]}}